{"id":975,"date":"2024-11-30T23:06:23","date_gmt":"2024-11-30T23:06:23","guid":{"rendered":"https:\/\/ar-ta.ro\/?page_id=975"},"modified":"2025-03-30T16:02:29","modified_gmt":"2025-03-30T16:02:29","slug":"annemari-herzlinger","status":"publish","type":"page","link":"https:\/\/ar-ta.ro\/?page_id=975","title":{"rendered":"Annemari Herzlinger"},"content":{"rendered":"\t\t<div data-elementor-type=\"wp-page\" data-elementor-id=\"975\" class=\"elementor elementor-975\">\n\t\t\t\t<div class=\"elementor-element elementor-element-92c5f3e e-flex e-con-boxed e-con e-parent\" data-id=\"92c5f3e\" data-element_type=\"container\">\n\t\t\t\t\t<div class=\"e-con-inner\">\n\t\t<div class=\"elementor-element elementor-element-d20fb34 e-con-full e-flex e-con e-child\" data-id=\"d20fb34\" data-element_type=\"container\">\n\t\t\t\t<div class=\"elementor-element elementor-element-6f123fa elementor-absolute elementor-widget elementor-widget-image\" data-id=\"6f123fa\" data-element_type=\"widget\" data-settings=\"{&quot;_position&quot;:&quot;absolute&quot;}\" data-widget_type=\"image.default\">\n\t\t\t\t<div class=\"elementor-widget-container\">\n\t\t\t<style>\/*! elementor - v3.23.0 - 05-08-2024 *\/\n.elementor-widget-image{text-align:center}.elementor-widget-image a{display:inline-block}.elementor-widget-image a img[src$=\".svg\"]{width:48px}.elementor-widget-image img{vertical-align:middle;display:inline-block}<\/style>\t\t\t\t\t\t\t\t\t\t<img fetchpriority=\"high\" decoding=\"async\" width=\"259\" height=\"266\" src=\"https:\/\/ar-ta.ro\/wp-content\/uploads\/2024\/11\/annemari_varsescu_terapeut_prin_arta_presentation_small.jpg\" class=\"attachment-medium_large size-medium_large wp-image-558\" alt=\"\" \/>\t\t\t\t\t\t\t\t\t\t\t\t\t<\/div>\n\t\t\t\t<\/div>\n\t\t\t\t<\/div>\n\t\t<div class=\"elementor-element elementor-element-3ca99c6 e-con-full e-flex e-con e-child\" data-id=\"3ca99c6\" data-element_type=\"container\">\n\t\t\t\t<div class=\"elementor-element elementor-element-f5cee99 elementor-widget elementor-widget-text-editor\" data-id=\"f5cee99\" data-element_type=\"widget\" data-widget_type=\"text-editor.default\">\n\t\t\t\t<div class=\"elementor-widget-container\">\n\t\t\t<style>\/*! elementor - v3.23.0 - 05-08-2024 *\/\n.elementor-widget-text-editor.elementor-drop-cap-view-stacked .elementor-drop-cap{background-color:#69727d;color:#fff}.elementor-widget-text-editor.elementor-drop-cap-view-framed .elementor-drop-cap{color:#69727d;border:3px solid;background-color:transparent}.elementor-widget-text-editor:not(.elementor-drop-cap-view-default) .elementor-drop-cap{margin-top:8px}.elementor-widget-text-editor:not(.elementor-drop-cap-view-default) .elementor-drop-cap-letter{width:1em;height:1em}.elementor-widget-text-editor .elementor-drop-cap{float:left;text-align:center;line-height:1;font-size:50px}.elementor-widget-text-editor .elementor-drop-cap-letter{display:inline-block}<\/style>\t\t\t\t<p><span style=\"font-weight: 300; color: #849ea2; font-family: Roboto Slab; font-size: 20px;\"><strong>Annemari Herzlinger, <\/strong><\/span>absolvent\u0103 a programului de master \u00een Art Therapy din cadrul University of Haifa, Israel, formator \u0219i supervizor este pre\u0219edintele Asocia\u021biei Rom\u00e2ne de Terapie prin Art\u0103 din noiembrie 2024.<\/p><p>Terapeut prin art\u0103 cu o experien\u021b\u0103\u00a0 semnificativ\u0103 \u00een terapia diadica ( terapia parinte-copil) a lucrat cu copii si familii in situatii de risc (abuz, violenta, abandon, neglijare, doliu), copii cu tulburari de alimentatie\u00a0 sau tulburari de vorbire datorate traumei sau PTSD, in institutii aflate sub umbrela Ministerului Israelian al Asistentei Sociale si\/sau a Ministerului Israelian al Educatiei, ca parte din echipele profesionale de terapie sau terapeut independent.<\/p><p>A lucrat cu copii, adolescenti si adulti tineri din spectru autist si PDD, dar si cu adulti cu diverse dificultati (trauma, abuz, depresie, burnout, dificultati emotionale sau afectiuni psihiatrice) atat in terapie fata in fata cat si online, in terapii individuale cat si de grup.<\/p><p>In ultimii ani a organizat si sustinut in Romania diferite conferinte, seminarii, workshopuri si cursuri, destinate at\u00e2t profesioni\u0219tilor c\u00e2t \u0219i publicului larg, cu scopul de a educa \u0219i \u00a0sensibiliza asupra beneficiilor terapiei prin art\u0103.<\/p><p>\u00a0<\/p><p>https:\/\/www.terapie-prin-arta.ro\/<\/p><p>https:\/\/www.facebook.com\/annemari.herzlinger\/<\/p><p>https:\/\/www.instagram.com\/terapie.prin.arta\/<\/p>\t\t\t\t\t\t<\/div>\n\t\t\t\t<\/div>\n\t\t\t\t<\/div>\n\t\t\t\t\t<\/div>\n\t\t\t\t<\/div>\n\t\t\t\t<\/div>\n\t\t","protected":false},"excerpt":{"rendered":"<p>Annemari Herzlinger, absolvent\u0103 a programului de master \u00een Art Therapy din cadrul University of Haifa, Israel, formator \u0219i supervizor este pre\u0219edintele Asocia\u021biei Rom\u00e2ne de Terapie prin Art\u0103 din noiembrie 2024. Terapeut prin art\u0103 cu o experien\u021b\u0103\u00a0 semnificativ\u0103 \u00een terapia diadica ( terapia parinte-copil) a lucrat cu copii si familii in situatii de risc (abuz, violenta, [&hellip;]<\/p>\n","protected":false},"author":1,"featured_media":0,"parent":0,"menu_order":0,"comment_status":"closed","ping_status":"closed","template":"","meta":{"footnotes":""},"class_list":["post-975","page","type-page","status-publish","hentry"],"_links":{"self":[{"href":"https:\/\/ar-ta.ro\/index.php?rest_route=\/wp\/v2\/pages\/975","targetHints":{"allow":["GET"]}}],"collection":[{"href":"https:\/\/ar-ta.ro\/index.php?rest_route=\/wp\/v2\/pages"}],"about":[{"href":"https:\/\/ar-ta.ro\/index.php?rest_route=\/wp\/v2\/types\/page"}],"author":[{"embeddable":true,"href":"https:\/\/ar-ta.ro\/index.php?rest_route=\/wp\/v2\/users\/1"}],"replies":[{"embeddable":true,"href":"https:\/\/ar-ta.ro\/index.php?rest_route=%2Fwp%2Fv2%2Fcomments&post=975"}],"version-history":[{"count":7,"href":"https:\/\/ar-ta.ro\/index.php?rest_route=\/wp\/v2\/pages\/975\/revisions"}],"predecessor-version":[{"id":1752,"href":"https:\/\/ar-ta.ro\/index.php?rest_route=\/wp\/v2\/pages\/975\/revisions\/1752"}],"wp:attachment":[{"href":"https:\/\/ar-ta.ro\/index.php?rest_route=%2Fwp%2Fv2%2Fmedia&parent=975"}],"curies":[{"name":"wp","href":"https:\/\/api.w.org\/{rel}","templated":true}]}}