{"id":970,"date":"2024-11-30T23:04:45","date_gmt":"2024-11-30T23:04:45","guid":{"rendered":"https:\/\/ar-ta.ro\/?page_id=970"},"modified":"2025-03-30T15:24:38","modified_gmt":"2025-03-30T15:24:38","slug":"irina-katz-mazilu","status":"publish","type":"page","link":"https:\/\/ar-ta.ro\/?page_id=970","title":{"rendered":"Irina Katz-Mazilu"},"content":{"rendered":"\t\t<div data-elementor-type=\"wp-page\" data-elementor-id=\"970\" class=\"elementor elementor-970\">\n\t\t\t\t<div class=\"elementor-element elementor-element-4d80abe e-flex e-con-boxed e-con e-parent\" data-id=\"4d80abe\" data-element_type=\"container\">\n\t\t\t\t\t<div class=\"e-con-inner\">\n\t\t<div class=\"elementor-element elementor-element-0420f3d e-con-full e-flex e-con e-child\" data-id=\"0420f3d\" data-element_type=\"container\">\n\t\t\t\t<div class=\"elementor-element elementor-element-bfba03b elementor-absolute elementor-widget elementor-widget-image\" data-id=\"bfba03b\" data-element_type=\"widget\" data-settings=\"{&quot;_position&quot;:&quot;absolute&quot;}\" data-widget_type=\"image.default\">\n\t\t\t\t<div class=\"elementor-widget-container\">\n\t\t\t<style>\/*! elementor - v3.23.0 - 05-08-2024 *\/\n.elementor-widget-image{text-align:center}.elementor-widget-image a{display:inline-block}.elementor-widget-image a img[src$=\".svg\"]{width:48px}.elementor-widget-image img{vertical-align:middle;display:inline-block}<\/style>\t\t\t\t\t\t\t\t\t\t<img decoding=\"async\" src=\"https:\/\/ar-ta.ro\/wp-content\/uploads\/2024\/07\/irina-e1724844395925.jpeg\" title=\"irina\" alt=\"irina\" loading=\"lazy\" \/>\t\t\t\t\t\t\t\t\t\t\t\t\t<\/div>\n\t\t\t\t<\/div>\n\t\t\t\t<div class=\"elementor-element elementor-element-5160386 elementor-absolute elementor-widget elementor-widget-image\" data-id=\"5160386\" data-element_type=\"widget\" data-settings=\"{&quot;_position&quot;:&quot;absolute&quot;}\" data-widget_type=\"image.default\">\n\t\t\t\t<div class=\"elementor-widget-container\">\n\t\t\t\t\t\t\t\t\t\t\t\t\t<img decoding=\"async\" src=\"https:\/\/ar-ta.ro\/wp-content\/uploads\/2024\/07\/irina-e1724844395925.jpeg\" title=\"irina\" alt=\"irina\" loading=\"lazy\" \/>\t\t\t\t\t\t\t\t\t\t\t\t\t<\/div>\n\t\t\t\t<\/div>\n\t\t\t\t<\/div>\n\t\t<div class=\"elementor-element elementor-element-f8804ee e-con-full e-flex e-con e-child\" data-id=\"f8804ee\" data-element_type=\"container\">\n\t\t\t\t<div class=\"elementor-element elementor-element-56fd9ea elementor-widget elementor-widget-text-editor\" data-id=\"56fd9ea\" data-element_type=\"widget\" data-widget_type=\"text-editor.default\">\n\t\t\t\t<div class=\"elementor-widget-container\">\n\t\t\t<style>\/*! elementor - v3.23.0 - 05-08-2024 *\/\n.elementor-widget-text-editor.elementor-drop-cap-view-stacked .elementor-drop-cap{background-color:#69727d;color:#fff}.elementor-widget-text-editor.elementor-drop-cap-view-framed .elementor-drop-cap{color:#69727d;border:3px solid;background-color:transparent}.elementor-widget-text-editor:not(.elementor-drop-cap-view-default) .elementor-drop-cap{margin-top:8px}.elementor-widget-text-editor:not(.elementor-drop-cap-view-default) .elementor-drop-cap-letter{width:1em;height:1em}.elementor-widget-text-editor .elementor-drop-cap{float:left;text-align:center;line-height:1;font-size:50px}.elementor-widget-text-editor .elementor-drop-cap-letter{display:inline-block}<\/style>\t\t\t\t<p><span style=\"font-weight: 300; color: #849ea2; font-family: Roboto Slab; font-size: 20px;\"><strong>Irina Katz-Mazilu<\/strong><\/span> <span style=\"font-weight: 400;\">s-a n\u0103scut la Bucuresti \u0219i locuie\u0219te de 40 de ani la Paris, Fran\u021ba.<\/span><\/p><p><span style=\"font-weight: 400;\">S-a preg\u0103tit ca art terapeut \u00een DU (echivalent Master) la Universitatea Paris-Cit\u00e9 \u0219i a practicat <\/span><span style=\"font-weight: 400;\">timp de mai bine de 25 \u00a0 de ani \u00een organiza\u021bii, comunit\u0103\u021bi \u0219i \u00een privat, \u00een diferite domenii\u00a0<\/span><span style=\"font-weight: 400;\">mentale, fizice \u0219i\u00a0 sociale: psihiatrie, dizabilit\u0103\u021bi, migran\u021bi, prizonieri, social, PSTD&#8230;cu\u00a0<\/span><span style=\"font-weight: 400;\">clien\u021bi de toate v\u00e2rstele si genurile.<\/span><\/p><p><span style=\"font-weight: 400;\">\u00cen prezent ea practic\u0103 \u00een privat. <\/span><span style=\"font-weight: 400;\">De asemenea, este trainer \u0219i supervizor \u00een art-terapie. A prezentat conferin\u021be \u0219i workshop-uri\u00a0<\/span><span style=\"font-weight: 400;\">\u00een cadrul \u00eent\u00e2lnirilor na\u021bionale \u0219i interna\u021bionale \u0219i a publicat \u00een francez\u0103 si englez\u0103.<\/span><\/p><p><span style=\"font-weight: 400;\">\u00cen prezent este membr\u0103\u00a0 a Consiliului de Administra\u021bie al EFAT \u2013 Federa\u021bia European\u0103 de <\/span><span style=\"font-weight: 400;\">Terapie prin Art\u0103 \u0219i a fost Pre\u0219edinte al FFAT \u2013 Federa\u021bia Francez\u0103 pentru Terapii prin Arte.<\/span><\/p><p><span style=\"font-weight: 400;\">Este membr\u0103 a SFPE-AT &#8211; Soci\u00e9t\u00e9 Fran\u00e7aise de Psychopathologie de l\u2019Expression et d\u2019Art-<\/span><span style=\"font-weight: 400;\">Th\u00e9rapie \u0219i a AGIR pour la Petite Enfance. Este membru fondator \u00a0 al echipei care a creat\u00a0<\/span><span style=\"font-weight: 400;\">ARTA \u2013 Asocia\u021bia Rom\u00e2n\u0103 de Terapie prin Arta in 2022, membra a Consiliului Director in\u00a0<\/span><span style=\"font-weight: 400;\">calitate de secretara.<\/span><\/p><p><span style=\"font-weight: 400;\">Este de asemeni activa ca artista \u00a0 plasticiana, membra a Maison\u00a0 des Artistes la Paris. A\u00a0<\/span><span style=\"font-weight: 400;\">absolvit \u00a0 la Institutul de Arte Plastice N.\u00a0 Grigorescu la Bucure\u0219ti \u0219i la\u00a0 Ecole Nationale\u00a0<\/span><span style=\"font-weight: 400;\">Sup\u00e9rieure des Arts D\u00e9coratifs la Paris. Ca artista a expus in numeroase expozitii personale si\u00a0<\/span><span style=\"font-weight: 400;\">colective.<\/span><\/p><p>\u00a0<\/p><p>https:\/\/www.irinakatzmazilu.fr<\/p><p>www.facebook.com\/irina.k.<wbr \/>mazilu<\/p><div dir=\"auto\">www.instagram.com\/Katz-Mazilu<\/div>\t\t\t\t\t\t<\/div>\n\t\t\t\t<\/div>\n\t\t\t\t<\/div>\n\t\t\t\t\t<\/div>\n\t\t\t\t<\/div>\n\t\t\t\t<\/div>\n\t\t","protected":false},"excerpt":{"rendered":"<p>Irina Katz-Mazilu s-a n\u0103scut la Bucuresti \u0219i locuie\u0219te de 40 de ani la Paris, Fran\u021ba. S-a preg\u0103tit ca art terapeut \u00een DU (echivalent Master) la Universitatea Paris-Cit\u00e9 \u0219i a practicat timp de mai bine de 25 \u00a0 de ani \u00een organiza\u021bii, comunit\u0103\u021bi \u0219i \u00een privat, \u00een diferite domenii\u00a0mentale, fizice \u0219i\u00a0 sociale: psihiatrie, dizabilit\u0103\u021bi, migran\u021bi, prizonieri, [&hellip;]<\/p>\n","protected":false},"author":1,"featured_media":0,"parent":0,"menu_order":0,"comment_status":"closed","ping_status":"closed","template":"","meta":{"footnotes":""},"class_list":["post-970","page","type-page","status-publish","hentry"],"_links":{"self":[{"href":"https:\/\/ar-ta.ro\/index.php?rest_route=\/wp\/v2\/pages\/970","targetHints":{"allow":["GET"]}}],"collection":[{"href":"https:\/\/ar-ta.ro\/index.php?rest_route=\/wp\/v2\/pages"}],"about":[{"href":"https:\/\/ar-ta.ro\/index.php?rest_route=\/wp\/v2\/types\/page"}],"author":[{"embeddable":true,"href":"https:\/\/ar-ta.ro\/index.php?rest_route=\/wp\/v2\/users\/1"}],"replies":[{"embeddable":true,"href":"https:\/\/ar-ta.ro\/index.php?rest_route=%2Fwp%2Fv2%2Fcomments&post=970"}],"version-history":[{"count":7,"href":"https:\/\/ar-ta.ro\/index.php?rest_route=\/wp\/v2\/pages\/970\/revisions"}],"predecessor-version":[{"id":1745,"href":"https:\/\/ar-ta.ro\/index.php?rest_route=\/wp\/v2\/pages\/970\/revisions\/1745"}],"wp:attachment":[{"href":"https:\/\/ar-ta.ro\/index.php?rest_route=%2Fwp%2Fv2%2Fmedia&parent=970"}],"curies":[{"name":"wp","href":"https:\/\/api.w.org\/{rel}","templated":true}]}}