{"id":964,"date":"2024-11-30T23:03:09","date_gmt":"2024-11-30T23:03:09","guid":{"rendered":"https:\/\/ar-ta.ro\/?page_id=964"},"modified":"2025-04-02T09:22:56","modified_gmt":"2025-04-02T09:22:56","slug":"camelia-corlatanu","status":"publish","type":"page","link":"https:\/\/ar-ta.ro\/?page_id=964","title":{"rendered":"Camelia Corl\u0103\u021banu"},"content":{"rendered":"\t\t<div data-elementor-type=\"wp-page\" data-elementor-id=\"964\" class=\"elementor elementor-964\">\n\t\t\t\t<div class=\"elementor-element elementor-element-e887cb5 e-flex e-con-boxed e-con e-parent\" data-id=\"e887cb5\" data-element_type=\"container\">\n\t\t\t\t\t<div class=\"e-con-inner\">\n\t\t<div class=\"elementor-element elementor-element-db19a00 e-con-full e-flex e-con e-child\" data-id=\"db19a00\" data-element_type=\"container\">\n\t\t\t\t<div class=\"elementor-element elementor-element-cc93c54 elementor-absolute elementor-widget elementor-widget-image\" data-id=\"cc93c54\" data-element_type=\"widget\" data-settings=\"{&quot;_position&quot;:&quot;absolute&quot;}\" data-widget_type=\"image.default\">\n\t\t\t\t<div class=\"elementor-widget-container\">\n\t\t\t<style>\/*! elementor - v3.23.0 - 05-08-2024 *\/\n.elementor-widget-image{text-align:center}.elementor-widget-image a{display:inline-block}.elementor-widget-image a img[src$=\".svg\"]{width:48px}.elementor-widget-image img{vertical-align:middle;display:inline-block}<\/style>\t\t\t\t\t\t\t\t\t\t<img decoding=\"async\" src=\"https:\/\/ar-ta.ro\/wp-content\/uploads\/2024\/07\/camelia-e1724844357807.jpeg\" title=\"camelia\" alt=\"camelia\" loading=\"lazy\" \/>\t\t\t\t\t\t\t\t\t\t\t\t\t<\/div>\n\t\t\t\t<\/div>\n\t\t\t\t<\/div>\n\t\t<div class=\"elementor-element elementor-element-4bea3b9 e-con-full e-flex e-con e-child\" data-id=\"4bea3b9\" data-element_type=\"container\">\n\t\t\t\t<div class=\"elementor-element elementor-element-46a1d76 elementor-widget elementor-widget-text-editor\" data-id=\"46a1d76\" data-element_type=\"widget\" data-widget_type=\"text-editor.default\">\n\t\t\t\t<div class=\"elementor-widget-container\">\n\t\t\t<style>\/*! elementor - v3.23.0 - 05-08-2024 *\/\n.elementor-widget-text-editor.elementor-drop-cap-view-stacked .elementor-drop-cap{background-color:#69727d;color:#fff}.elementor-widget-text-editor.elementor-drop-cap-view-framed .elementor-drop-cap{color:#69727d;border:3px solid;background-color:transparent}.elementor-widget-text-editor:not(.elementor-drop-cap-view-default) .elementor-drop-cap{margin-top:8px}.elementor-widget-text-editor:not(.elementor-drop-cap-view-default) .elementor-drop-cap-letter{width:1em;height:1em}.elementor-widget-text-editor .elementor-drop-cap{float:left;text-align:center;line-height:1;font-size:50px}.elementor-widget-text-editor .elementor-drop-cap-letter{display:inline-block}<\/style>\t\t\t\t<p><span style=\"font-weight: 300; color: #849ea2; font-family: Roboto Slab; font-size: 20px;\"><strong>Camelia Corl\u0103\u0163anu<\/strong><\/span> <span style=\"font-weight: 400;\">s-a n\u0103scut la Suceava \u0219i a absolvit Universitatea de Medicin\u0103 \u201cIuliu Hatieganu\u201d din Cluj Napoca in 1998. Din 2008 tr\u0103ie\u015fte in Italia, unde s-a format ca terapeut prin art\u0103 la \u015fcoala Art Therapy Italiana din Bologna. <\/span><\/p><p><span style=\"font-weight: 400;\">Este format\u0103 \u015fi certificat\u0103 de c\u0103tre Institute of Sensorimotor Art Therapy \u00een tehnici de art terapie bottom-up eficiente pentru tratarea traumei si dezechilibrelor emo\u021bionale: Bilateral Drawing \u015fi Clay Field Therapy.<\/span><\/p><p><span style=\"font-weight: 400;\">E membru activ al EFAT (European Federation of Art Therapy) si al APIART (Associazione Professionale Italiana Arteterapeuti). I\u015fi desf\u0103\u015foar\u0103 activitatea la Centrul de Arteterapie CreatiVITA din Robbiate (Italia), centru pe care l-a fondat \u00een prim\u0103vara anului 2020.<\/span><\/p><p><span style=\"font-weight: 400;\"> Camelia este interesat\u0103 de activitatea de cercetare \u00een domeniul terapiei prin art\u0103, iar in practic\u0103 lucreaza in special cu grupuri de adul\u0163i, cu adolescen\u0163i, cu persoane autistice \u015fi pacien\u0163i de oncologie pediatric\u0103.<\/span><\/p>\t\t\t\t\t\t<\/div>\n\t\t\t\t<\/div>\n\t\t\t\t<\/div>\n\t\t\t\t\t<\/div>\n\t\t\t\t<\/div>\n\t\t\t\t<\/div>\n\t\t","protected":false},"excerpt":{"rendered":"<p>Camelia Corl\u0103\u0163anu s-a n\u0103scut la Suceava \u0219i a absolvit Universitatea de Medicin\u0103 \u201cIuliu Hatieganu\u201d din Cluj Napoca in 1998. Din 2008 tr\u0103ie\u015fte in Italia, unde s-a format ca terapeut prin art\u0103 la \u015fcoala Art Therapy Italiana din Bologna. Este format\u0103 \u015fi certificat\u0103 de c\u0103tre Institute of Sensorimotor Art Therapy \u00een tehnici de art terapie bottom-up [&hellip;]<\/p>\n","protected":false},"author":1,"featured_media":0,"parent":0,"menu_order":0,"comment_status":"closed","ping_status":"closed","template":"","meta":{"footnotes":""},"class_list":["post-964","page","type-page","status-publish","hentry"],"_links":{"self":[{"href":"https:\/\/ar-ta.ro\/index.php?rest_route=\/wp\/v2\/pages\/964","targetHints":{"allow":["GET"]}}],"collection":[{"href":"https:\/\/ar-ta.ro\/index.php?rest_route=\/wp\/v2\/pages"}],"about":[{"href":"https:\/\/ar-ta.ro\/index.php?rest_route=\/wp\/v2\/types\/page"}],"author":[{"embeddable":true,"href":"https:\/\/ar-ta.ro\/index.php?rest_route=\/wp\/v2\/users\/1"}],"replies":[{"embeddable":true,"href":"https:\/\/ar-ta.ro\/index.php?rest_route=%2Fwp%2Fv2%2Fcomments&post=964"}],"version-history":[{"count":10,"href":"https:\/\/ar-ta.ro\/index.php?rest_route=\/wp\/v2\/pages\/964\/revisions"}],"predecessor-version":[{"id":1776,"href":"https:\/\/ar-ta.ro\/index.php?rest_route=\/wp\/v2\/pages\/964\/revisions\/1776"}],"wp:attachment":[{"href":"https:\/\/ar-ta.ro\/index.php?rest_route=%2Fwp%2Fv2%2Fmedia&parent=964"}],"curies":[{"name":"wp","href":"https:\/\/api.w.org\/{rel}","templated":true}]}}