{"id":943,"date":"2024-11-30T22:37:37","date_gmt":"2024-11-30T22:37:37","guid":{"rendered":"https:\/\/ar-ta.ro\/?page_id=943"},"modified":"2025-03-02T14:46:16","modified_gmt":"2025-03-02T14:46:16","slug":"consiliu-director","status":"publish","type":"page","link":"https:\/\/ar-ta.ro\/?page_id=943","title":{"rendered":"Consiliul Director"},"content":{"rendered":"\t\t<div data-elementor-type=\"wp-page\" data-elementor-id=\"943\" class=\"elementor elementor-943\">\n\t\t\t\t<div class=\"elementor-element elementor-element-8f6b6c0 e-flex e-con-boxed e-con e-parent\" data-id=\"8f6b6c0\" data-element_type=\"container\" data-settings=\"{&quot;background_background&quot;:&quot;classic&quot;}\">\n\t\t\t\t\t<div class=\"e-con-inner\">\n\t\t\t\t\t<\/div>\n\t\t\t\t<\/div>\n\t\t<div class=\"elementor-element elementor-element-6b15c5b2 e-flex e-con-boxed e-con e-parent\" data-id=\"6b15c5b2\" data-element_type=\"container\">\n\t\t\t\t\t<div class=\"e-con-inner\">\n\t\t\t\t<div class=\"elementor-element elementor-element-79a52332 elementor-widget elementor-widget-text-editor\" data-id=\"79a52332\" data-element_type=\"widget\" data-widget_type=\"text-editor.default\">\n\t\t\t\t<div class=\"elementor-widget-container\">\n\t\t\t<style>\/*! elementor - v3.23.0 - 05-08-2024 *\/\n.elementor-widget-text-editor.elementor-drop-cap-view-stacked .elementor-drop-cap{background-color:#69727d;color:#fff}.elementor-widget-text-editor.elementor-drop-cap-view-framed .elementor-drop-cap{color:#69727d;border:3px solid;background-color:transparent}.elementor-widget-text-editor:not(.elementor-drop-cap-view-default) .elementor-drop-cap{margin-top:8px}.elementor-widget-text-editor:not(.elementor-drop-cap-view-default) .elementor-drop-cap-letter{width:1em;height:1em}.elementor-widget-text-editor .elementor-drop-cap{float:left;text-align:center;line-height:1;font-size:50px}.elementor-widget-text-editor .elementor-drop-cap-letter{display:inline-block}<\/style>\t\t\t\t<!-- wp:paragraph -->\n<p>\u00a0<\/p>\n<p>Dragi prieteni \u0219i iubitori ai Terapiei prin art\u0103 \u0219i ai Asocia\u021biei Rom\u00e2ne de Terapie prin art\u0103,<\/p>\n<!-- \/wp:paragraph --><!-- wp:paragraph -->\n<p>Din noiembrie 2024 asocia\u021bia are un nou Consiliu Director ce promite s\u0103 transforme birocra\u021bia \u00eentr-o veritabil\u0103 form\u0103 de art\u0103! \u00centruni\u021bi pentru prima dat\u0103 in aceasta formula , ace\u0219ti mae\u0219tri ai administr\u0103rii sunt preg\u0103ti\u021bi s\u0103 aduc\u0103 o pat\u0103 de culoare \u00een structura noastr\u0103 organizatoric\u0103.<\/p>\n<!-- \/wp:paragraph --><!-- wp:list -->\n<ul class=\"wp-block-list\"><!-- wp:list-item -->\n<li><strong>Pre\u0219edinte:<\/strong> <a href=\"https:\/\/ar-ta.ro\/?page_id=975\">Annemari Herzlinger<\/a>, cunoscut\u0103 pentru capacitatea sa de a transforma chiar \u0219i cele mai plictisitoare \u0219edin\u021be \u00een adev\u0103rate spectacole de stand-up comedy.<\/li>\n<!-- \/wp:list-item --><!-- wp:list-item -->\n<li><strong>Trezorier:<\/strong> <a href=\"https:\/\/ar-ta.ro\/?page_id=964\">Camelia Corl\u0103\u021banu<\/a>, care a demonstrat c\u0103 poate face minuni cu bugetul nostru \u0219i c\u0103 nu se teme s\u0103 utilizeze un calculator mai mare dec\u00e2t cel al NASA pentru a \u021bine eviden\u021ba fondurilor.<\/li>\n<!-- \/wp:list-item --><!-- wp:list-item -->\n<li><strong>Secretar:<\/strong> <a href=\"https:\/\/ar-ta.ro\/?page_id=970\">Irina Katz- Mazilu<\/a>, cu o d\u0103ruire incomensurabil\u0103 pentru detaliu \u0219i o capacitate uimitoare de a transforma procese-verbale \u00een capodopere literare.<\/li>\n<!-- \/wp:list-item --><\/ul>\n<h6>\u00a0<\/h6>\n<!-- \/wp:list --><!-- wp:paragraph -->\n<p>Aceast\u0103 echip\u0103 nu doar c\u0103 va administra, dar va ridica \u0219tacheta creativit\u0103\u021bii \u0219i inova\u021biei la noi culmi. Fie c\u0103 vom transforma rapoartele financiare \u00een benzi desenate sau vom \u021bine \u0219edin\u021bele \u00een ritmul muzicii de jazz, un lucru e cert: consiliul nostru va face din fiecare \u00eent\u00e2lnire si din fiecare eveniment organizat si sustinut in cadrul asociatiei, o experien\u021b\u0103 de neuitat.<\/p>\n<!-- \/wp:paragraph --><!-- wp:paragraph -->\n<p>V\u0103 invit\u0103m s\u0103 v\u0103 al\u0103tura\u021bi noua ca membrii, prieteni sau pur si simplu fani \u00een aceast\u0103 aventur\u0103 artistic\u0103 \u0219i s\u0103 aduce\u021bi \u0219i voi contribu\u021bia voastr\u0103 colorat\u0103 la via\u021ba asocia\u021biei noastre.<\/p>\n<!-- \/wp:paragraph --><!-- wp:paragraph -->\n<p>\u00a0<\/p>\n<p>Cu entuziasm \u0219i un strop de umor,<\/p>\n<!-- \/wp:paragraph --><!-- wp:paragraph -->\n<p>Annemari Herzlinger<\/p>\n<!-- \/wp:paragraph --><!-- wp:paragraph -->\n<p>\u00a0<\/p>\n<!-- \/wp:paragraph --><!-- wp:buttons -->\n<div class=\"wp-block-buttons\"><!-- wp:button {\"className\":\"is-style-outline\"} --><\/div>\n<div class=\"wp-block-buttons\"><!-- \/wp:button --><\/div>\n<!-- \/wp:buttons --><!-- wp:paragraph --><!-- \/wp:paragraph -->\t\t\t\t\t\t<\/div>\n\t\t\t\t<\/div>\n\t\t\t\t\t<\/div>\n\t\t\t\t<\/div>\n\t\t<div class=\"elementor-element elementor-element-9efb224 e-flex e-con-boxed e-con e-parent\" data-id=\"9efb224\" data-element_type=\"container\">\n\t\t\t\t\t<div class=\"e-con-inner\">\n\t\t\t\t<div class=\"elementor-element elementor-element-39f5e5d elementor-widget elementor-widget-button\" data-id=\"39f5e5d\" data-element_type=\"widget\" data-widget_type=\"button.default\">\n\t\t\t\t<div class=\"elementor-widget-container\">\n\t\t\t\t\t<div class=\"elementor-button-wrapper\">\n\t\t\t<a class=\"elementor-button elementor-button-link elementor-size-sm\" href=\"http:\/\/ar-ta.ro\/wp-content\/uploads\/2024\/07\/statut-website-psiarta.pdf\">\n\t\t\t\t\t\t<span class=\"elementor-button-content-wrapper\">\n\t\t\t\t\t\t\t\t\t<span class=\"elementor-button-text\">Statutul Asocia\u021biei Rom\u00e2ne de Terapie prin art\u0103<\/span>\n\t\t\t\t\t<\/span>\n\t\t\t\t\t<\/a>\n\t\t<\/div>\n\t\t\t\t<\/div>\n\t\t\t\t<\/div>\n\t\t\t\t<div class=\"elementor-element elementor-element-93f3d9b elementor-widget elementor-widget-button\" data-id=\"93f3d9b\" data-element_type=\"widget\" data-widget_type=\"button.default\">\n\t\t\t\t<div class=\"elementor-widget-container\">\n\t\t\t\t\t<div class=\"elementor-button-wrapper\">\n\t\t\t<a class=\"elementor-button elementor-button-link elementor-size-sm\" href=\"http:\/\/ar-ta.ro\/wp-content\/uploads\/2024\/08\/COD-DE-ETICA-Psi-ARTA.pdf\">\n\t\t\t\t\t\t<span class=\"elementor-button-content-wrapper\">\n\t\t\t\t\t\t\t\t\t<span class=\"elementor-button-text\">Codul de Etic\u0103 al Asocia\u021biei Rom\u00e2ne de Terapie prin art\u0103<\/span>\n\t\t\t\t\t<\/span>\n\t\t\t\t\t<\/a>\n\t\t<\/div>\n\t\t\t\t<\/div>\n\t\t\t\t<\/div>\n\t\t\t\t\t<\/div>\n\t\t\t\t<\/div>\n\t\t\t\t<\/div>\n\t\t","protected":false},"excerpt":{"rendered":"<p>\u00a0 Dragi prieteni \u0219i iubitori ai Terapiei prin art\u0103 \u0219i ai Asocia\u021biei Rom\u00e2ne de Terapie prin art\u0103, Din noiembrie 2024 asocia\u021bia are un nou Consiliu Director ce promite s\u0103 transforme birocra\u021bia \u00eentr-o veritabil\u0103 form\u0103 de art\u0103! \u00centruni\u021bi pentru prima dat\u0103 in aceasta formula , ace\u0219ti mae\u0219tri ai administr\u0103rii sunt preg\u0103ti\u021bi s\u0103 aduc\u0103 o pat\u0103 de [&hellip;]<\/p>\n","protected":false},"author":1,"featured_media":0,"parent":0,"menu_order":0,"comment_status":"closed","ping_status":"closed","template":"","meta":{"footnotes":""},"class_list":["post-943","page","type-page","status-publish","hentry"],"_links":{"self":[{"href":"https:\/\/ar-ta.ro\/index.php?rest_route=\/wp\/v2\/pages\/943","targetHints":{"allow":["GET"]}}],"collection":[{"href":"https:\/\/ar-ta.ro\/index.php?rest_route=\/wp\/v2\/pages"}],"about":[{"href":"https:\/\/ar-ta.ro\/index.php?rest_route=\/wp\/v2\/types\/page"}],"author":[{"embeddable":true,"href":"https:\/\/ar-ta.ro\/index.php?rest_route=\/wp\/v2\/users\/1"}],"replies":[{"embeddable":true,"href":"https:\/\/ar-ta.ro\/index.php?rest_route=%2Fwp%2Fv2%2Fcomments&post=943"}],"version-history":[{"count":95,"href":"https:\/\/ar-ta.ro\/index.php?rest_route=\/wp\/v2\/pages\/943\/revisions"}],"predecessor-version":[{"id":1722,"href":"https:\/\/ar-ta.ro\/index.php?rest_route=\/wp\/v2\/pages\/943\/revisions\/1722"}],"wp:attachment":[{"href":"https:\/\/ar-ta.ro\/index.php?rest_route=%2Fwp%2Fv2%2Fmedia&parent=943"}],"curies":[{"name":"wp","href":"https:\/\/api.w.org\/{rel}","templated":true}]}}