{"id":237,"date":"2024-07-05T15:42:17","date_gmt":"2024-07-05T15:42:17","guid":{"rendered":"http:\/\/ar-ta.ro\/?page_id=237"},"modified":"2025-03-30T18:43:44","modified_gmt":"2025-03-30T18:43:44","slug":"cum-devin-membru","status":"publish","type":"page","link":"https:\/\/ar-ta.ro\/?page_id=237","title":{"rendered":"Membri"},"content":{"rendered":"\t\t<div data-elementor-type=\"wp-page\" data-elementor-id=\"237\" class=\"elementor elementor-237\">\n\t\t\t\t\t\t<section class=\"elementor-section elementor-top-section elementor-element elementor-element-f24a0f7 elementor-section-content-middle elementor-section-boxed elementor-section-height-default elementor-section-height-default\" data-id=\"f24a0f7\" data-element_type=\"section\" id=\"header_section\" data-settings=\"{&quot;background_background&quot;:&quot;classic&quot;}\">\n\t\t\t\t\t\t\t<div class=\"elementor-background-overlay\"><\/div>\n\t\t\t\t\t\t\t<div class=\"elementor-container elementor-column-gap-no\">\n\t\t\t\t\t<div class=\"elementor-column elementor-col-100 elementor-top-column elementor-element elementor-element-675eced3\" data-id=\"675eced3\" data-element_type=\"column\" data-settings=\"{&quot;background_background&quot;:&quot;classic&quot;}\">\n\t\t\t<div class=\"elementor-widget-wrap elementor-element-populated\">\n\t\t\t\t\t\t<div class=\"elementor-element elementor-element-1458f012 elementor-widget elementor-widget-heading\" data-id=\"1458f012\" data-element_type=\"widget\" data-widget_type=\"heading.default\">\n\t\t\t\t<div class=\"elementor-widget-container\">\n\t\t\t<style>\/*! elementor - v3.23.0 - 05-08-2024 *\/\n.elementor-heading-title{padding:0;margin:0;line-height:1}.elementor-widget-heading .elementor-heading-title[class*=elementor-size-]>a{color:inherit;font-size:inherit;line-height:inherit}.elementor-widget-heading .elementor-heading-title.elementor-size-small{font-size:15px}.elementor-widget-heading .elementor-heading-title.elementor-size-medium{font-size:19px}.elementor-widget-heading .elementor-heading-title.elementor-size-large{font-size:29px}.elementor-widget-heading .elementor-heading-title.elementor-size-xl{font-size:39px}.elementor-widget-heading .elementor-heading-title.elementor-size-xxl{font-size:59px}<\/style><h2 class=\"elementor-heading-title elementor-size-default\">Membri \u00een asocia\u021bie<\/h2>\t\t<\/div>\n\t\t\t\t<\/div>\n\t\t\t\t\t<\/div>\n\t\t<\/div>\n\t\t\t\t\t<\/div>\n\t\t<\/section>\n\t\t\t\t<section class=\"elementor-section elementor-top-section elementor-element elementor-element-9ace42a elementor-section-content-bottom elementor-section-boxed elementor-section-height-default elementor-section-height-default\" data-id=\"9ace42a\" data-element_type=\"section\" data-settings=\"{&quot;background_background&quot;:&quot;classic&quot;}\">\n\t\t\t\t\t\t<div class=\"elementor-container elementor-column-gap-no\">\n\t\t\t\t\t<div class=\"elementor-column elementor-col-100 elementor-top-column elementor-element elementor-element-c637d15\" data-id=\"c637d15\" data-element_type=\"column\">\n\t\t\t<div class=\"elementor-widget-wrap elementor-element-populated\">\n\t\t\t\t\t\t<div class=\"elementor-element elementor-element-3328513 elementor-widget elementor-widget-text-editor\" data-id=\"3328513\" data-element_type=\"widget\" data-settings=\"{&quot;_animation&quot;:&quot;none&quot;}\" data-widget_type=\"text-editor.default\">\n\t\t\t\t<div class=\"elementor-widget-container\">\n\t\t\t<style>\/*! elementor - v3.23.0 - 05-08-2024 *\/\n.elementor-widget-text-editor.elementor-drop-cap-view-stacked .elementor-drop-cap{background-color:#69727d;color:#fff}.elementor-widget-text-editor.elementor-drop-cap-view-framed .elementor-drop-cap{color:#69727d;border:3px solid;background-color:transparent}.elementor-widget-text-editor:not(.elementor-drop-cap-view-default) .elementor-drop-cap{margin-top:8px}.elementor-widget-text-editor:not(.elementor-drop-cap-view-default) .elementor-drop-cap-letter{width:1em;height:1em}.elementor-widget-text-editor .elementor-drop-cap{float:left;text-align:center;line-height:1;font-size:50px}.elementor-widget-text-editor .elementor-drop-cap-letter{display:inline-block}<\/style>\t\t\t\t<p>Dragi prieteni,<\/p><p>Suntem \u00eenc\u00e2nta\u021bi s\u0103 v\u0103 invit\u0103m s\u0103 deveni\u021bi membri ai Asocia\u021biei Rom\u00e2ne de Terapie prin art\u0103. Al\u0103tura\u021bi-v\u0103 unei asocia\u021bii profesionale \u0219i unei comunita\u021bi pasionat\u0103 de promovarea \u0219i aplicarea Terapiei prin art\u0103, ca form\u0103 de psihoterapie expresiv\u0103.<\/p>\t\t\t\t\t\t<\/div>\n\t\t\t\t<\/div>\n\t\t\t\t\t<\/div>\n\t\t<\/div>\n\t\t\t\t\t<\/div>\n\t\t<\/section>\n\t\t<div class=\"elementor-element elementor-element-9a2a433 e-flex e-con-boxed e-con e-parent\" data-id=\"9a2a433\" data-element_type=\"container\">\n\t\t\t\t\t<div class=\"e-con-inner\">\n\t\t<div class=\"elementor-element elementor-element-479e18b e-con-full e-flex e-con e-child\" data-id=\"479e18b\" data-element_type=\"container\">\n\t\t\t\t<div class=\"elementor-element elementor-element-c478983 elementor-widget elementor-widget-heading\" data-id=\"c478983\" data-element_type=\"widget\" data-widget_type=\"heading.default\">\n\t\t\t\t<div class=\"elementor-widget-container\">\n\t\t\t<h4 class=\"elementor-heading-title elementor-size-default\">Membru activ profesional<\/h4>\t\t<\/div>\n\t\t\t\t<\/div>\n\t\t\t\t<div class=\"elementor-element elementor-element-1510572 elementor-widget-divider--view-line elementor-widget elementor-widget-divider\" data-id=\"1510572\" data-element_type=\"widget\" data-widget_type=\"divider.default\">\n\t\t\t\t<div class=\"elementor-widget-container\">\n\t\t\t<style>\/*! elementor - v3.23.0 - 05-08-2024 *\/\n.elementor-widget-divider{--divider-border-style:none;--divider-border-width:1px;--divider-color:#0c0d0e;--divider-icon-size:20px;--divider-element-spacing:10px;--divider-pattern-height:24px;--divider-pattern-size:20px;--divider-pattern-url:none;--divider-pattern-repeat:repeat-x}.elementor-widget-divider .elementor-divider{display:flex}.elementor-widget-divider .elementor-divider__text{font-size:15px;line-height:1;max-width:95%}.elementor-widget-divider .elementor-divider__element{margin:0 var(--divider-element-spacing);flex-shrink:0}.elementor-widget-divider .elementor-icon{font-size:var(--divider-icon-size)}.elementor-widget-divider .elementor-divider-separator{display:flex;margin:0;direction:ltr}.elementor-widget-divider--view-line_icon .elementor-divider-separator,.elementor-widget-divider--view-line_text .elementor-divider-separator{align-items:center}.elementor-widget-divider--view-line_icon .elementor-divider-separator:after,.elementor-widget-divider--view-line_icon .elementor-divider-separator:before,.elementor-widget-divider--view-line_text .elementor-divider-separator:after,.elementor-widget-divider--view-line_text .elementor-divider-separator:before{display:block;content:\"\";border-block-end:0;flex-grow:1;border-block-start:var(--divider-border-width) var(--divider-border-style) var(--divider-color)}.elementor-widget-divider--element-align-left .elementor-divider .elementor-divider-separator>.elementor-divider__svg:first-of-type{flex-grow:0;flex-shrink:100}.elementor-widget-divider--element-align-left .elementor-divider-separator:before{content:none}.elementor-widget-divider--element-align-left .elementor-divider__element{margin-left:0}.elementor-widget-divider--element-align-right .elementor-divider .elementor-divider-separator>.elementor-divider__svg:last-of-type{flex-grow:0;flex-shrink:100}.elementor-widget-divider--element-align-right .elementor-divider-separator:after{content:none}.elementor-widget-divider--element-align-right .elementor-divider__element{margin-right:0}.elementor-widget-divider--element-align-start .elementor-divider .elementor-divider-separator>.elementor-divider__svg:first-of-type{flex-grow:0;flex-shrink:100}.elementor-widget-divider--element-align-start .elementor-divider-separator:before{content:none}.elementor-widget-divider--element-align-start .elementor-divider__element{margin-inline-start:0}.elementor-widget-divider--element-align-end .elementor-divider .elementor-divider-separator>.elementor-divider__svg:last-of-type{flex-grow:0;flex-shrink:100}.elementor-widget-divider--element-align-end .elementor-divider-separator:after{content:none}.elementor-widget-divider--element-align-end .elementor-divider__element{margin-inline-end:0}.elementor-widget-divider:not(.elementor-widget-divider--view-line_text):not(.elementor-widget-divider--view-line_icon) .elementor-divider-separator{border-block-start:var(--divider-border-width) var(--divider-border-style) var(--divider-color)}.elementor-widget-divider--separator-type-pattern{--divider-border-style:none}.elementor-widget-divider--separator-type-pattern.elementor-widget-divider--view-line .elementor-divider-separator,.elementor-widget-divider--separator-type-pattern:not(.elementor-widget-divider--view-line) .elementor-divider-separator:after,.elementor-widget-divider--separator-type-pattern:not(.elementor-widget-divider--view-line) .elementor-divider-separator:before,.elementor-widget-divider--separator-type-pattern:not([class*=elementor-widget-divider--view]) .elementor-divider-separator{width:100%;min-height:var(--divider-pattern-height);-webkit-mask-size:var(--divider-pattern-size) 100%;mask-size:var(--divider-pattern-size) 100%;-webkit-mask-repeat:var(--divider-pattern-repeat);mask-repeat:var(--divider-pattern-repeat);background-color:var(--divider-color);-webkit-mask-image:var(--divider-pattern-url);mask-image:var(--divider-pattern-url)}.elementor-widget-divider--no-spacing{--divider-pattern-size:auto}.elementor-widget-divider--bg-round{--divider-pattern-repeat:round}.rtl .elementor-widget-divider .elementor-divider__text{direction:rtl}.e-con-inner>.elementor-widget-divider,.e-con>.elementor-widget-divider{width:var(--container-widget-width,100%);--flex-grow:var(--container-widget-flex-grow)}<\/style>\t\t<div class=\"elementor-divider\">\n\t\t\t<span class=\"elementor-divider-separator\">\n\t\t\t\t\t\t<\/span>\n\t\t<\/div>\n\t\t\t\t<\/div>\n\t\t\t\t<\/div>\n\t\t\t\t<div class=\"elementor-element elementor-element-12f2bd8 elementor-widget elementor-widget-text-editor\" data-id=\"12f2bd8\" data-element_type=\"widget\" data-widget_type=\"text-editor.default\">\n\t\t\t\t<div class=\"elementor-widget-container\">\n\t\t\t\t\t\t\t<p>Membru activ profesional este membrul a carui formare indeplineste criteriile profesionale stabilite de asociatie (enuntate pe site sub forma Programului de completare) si a fost acceptat de catre Consiliul Director in urma verificarii dosarului.<\/p><p>Membru activ profesional este si cel care care, indiferent de forma sau durata form\u0103rii sale profesionale, a fost acceptat \u00een cadrul Federa\u021biei Europene de Terapie prin art\u0103 (EFAT) \u0219i are statutul de Full Individual Member.<\/p><p><a href=\"https:\/\/www.arttherapyfederation.eu\/how-to-apply-for-membership.html\">https:\/\/www.arttherapyfederation.eu\/how-to-apply-for-membership.html<\/a><\/p>\t\t\t\t\t\t<\/div>\n\t\t\t\t<\/div>\n\t\t\t\t<\/div>\n\t\t<div class=\"elementor-element elementor-element-b4dbe56 e-con-full e-flex e-con e-child\" data-id=\"b4dbe56\" data-element_type=\"container\">\n\t\t\t\t<div class=\"elementor-element elementor-element-0a09d75 elementor-widget elementor-widget-heading\" data-id=\"0a09d75\" data-element_type=\"widget\" data-widget_type=\"heading.default\">\n\t\t\t\t<div class=\"elementor-widget-container\">\n\t\t\t<h4 class=\"elementor-heading-title elementor-size-default\">Membru \u00een formare<\/h4>\t\t<\/div>\n\t\t\t\t<\/div>\n\t\t\t\t<div class=\"elementor-element elementor-element-8d91d26 elementor-widget-divider--view-line elementor-widget elementor-widget-divider\" data-id=\"8d91d26\" data-element_type=\"widget\" data-widget_type=\"divider.default\">\n\t\t\t\t<div class=\"elementor-widget-container\">\n\t\t\t\t\t<div class=\"elementor-divider\">\n\t\t\t<span class=\"elementor-divider-separator\">\n\t\t\t\t\t\t<\/span>\n\t\t<\/div>\n\t\t\t\t<\/div>\n\t\t\t\t<\/div>\n\t\t\t\t<div class=\"elementor-element elementor-element-20d1eb4 elementor-widget elementor-widget-text-editor\" data-id=\"20d1eb4\" data-element_type=\"widget\" data-widget_type=\"text-editor.default\">\n\t\t\t\t<div class=\"elementor-widget-container\">\n\t\t\t\t\t\t\t<p>Membru \u00een formare este cel care urmeaz\u0103 un\u00a0 program de formare \u00een Terapia prin arta \u00een momentul \u00eenscrierii sau cel a c\u0103rei formare nu este complet\u0103 pentru a putea fi acceptat \u00een cadrul Federa\u021biei Europene de Terapie prin art\u0103 ca Full Member (EFAT).<\/p><p>Acesta \u00ee\u0219i va definitiva formarea profesional\u0103 \u00een cadrul programului\/masterului pe care \u00eel urmeaz\u0103 sau, \u00een cazul form\u0103rii incomplete, aceasta va fi finalizat\u0103 \u00een cadrul programului de completare al Asocia\u021biei Rom\u00e2ne de Terapie prin art\u0103, pentru ca ulterior s\u0103 poat\u0103 fi acceptat ca Full Member EFAT.<\/p>\t\t\t\t\t\t<\/div>\n\t\t\t\t<\/div>\n\t\t\t\t<\/div>\n\t\t\t\t\t<\/div>\n\t\t\t\t<\/div>\n\t\t<div class=\"elementor-element elementor-element-36483c6 e-grid e-con-boxed e-con e-parent\" data-id=\"36483c6\" data-element_type=\"container\">\n\t\t\t\t\t<div class=\"e-con-inner\">\n\t\t\t\t<div class=\"elementor-element elementor-element-973db06 elementor-widget elementor-widget-text-editor\" data-id=\"973db06\" data-element_type=\"widget\" data-widget_type=\"text-editor.default\">\n\t\t\t\t<div class=\"elementor-widget-container\">\n\t\t\t\t\t\t\t<p>Poate deveni membru activ profesional sau membru \u00een formare orice persoan\u0103, cet\u0103\u0163ean rom\u00e2n sau str\u0103in, care a \u00eemplinit v\u00e2rsta de 25 de ani, care accept\u0103 \u015fi recunoa\u015fte prevederile Statutului Psi-ARTA, \u00eendepline\u0219te condi\u021biile de \u00eenscriere stabilite \u015fi se angajeaz\u0103 s\u0103 ac\u0163ioneze pentru \u00eendeplinirea scopului Asocia\u0163iei si a c\u0103rei cerere a fost acceptat\u0103 de c\u0103tre Consiliul Director al asociatiei.<\/p><p>\u00censcriere se face completand formularul de \u00eenscriere, formular ce va fi \u00eenso\u021bit de toate documentele necesare \u00eenscrierii, conform procedurii de adeziune stabilit\u0103 prin hot\u0103r\u00e2rea Consiliului Director.<\/p><p>Documentele vor fi trimise \u00een format .jpg sau .pdf\u00a0 la adresa de email:<a href=\"mailto:secretariat@ar-ta.ro\" target=\"_blank\" rel=\"noopener\"><strong> secretariat@ar-ta.ro<\/strong><\/a><\/p>\t\t\t\t\t\t<\/div>\n\t\t\t\t<\/div>\n\t\t\t\t\t<\/div>\n\t\t\t\t<\/div>\n\t\t<div class=\"elementor-element elementor-element-deeffa1 e-grid e-con-boxed e-con e-parent\" data-id=\"deeffa1\" data-element_type=\"container\">\n\t\t\t\t\t<div class=\"e-con-inner\">\n\t\t\t\t<div class=\"elementor-element elementor-element-0031a25 elementor-widget elementor-widget-button\" data-id=\"0031a25\" data-element_type=\"widget\" data-widget_type=\"button.default\">\n\t\t\t\t<div class=\"elementor-widget-container\">\n\t\t\t\t\t<div class=\"elementor-button-wrapper\">\n\t\t\t<a class=\"elementor-button elementor-button-link elementor-size-sm\" href=\"http:\/\/ar-ta.ro\/wp-content\/uploads\/2025\/03\/formular-inscriere-GDPR.pdf\">\n\t\t\t\t\t\t<span class=\"elementor-button-content-wrapper\">\n\t\t\t\t\t\t\t\t\t<span class=\"elementor-button-text\">Formular de adeziune<\/span>\n\t\t\t\t\t<\/span>\n\t\t\t\t\t<\/a>\n\t\t<\/div>\n\t\t\t\t<\/div>\n\t\t\t\t<\/div>\n\t\t\t\t<div class=\"elementor-element elementor-element-90247bd elementor-widget elementor-widget-button\" data-id=\"90247bd\" data-element_type=\"widget\" data-widget_type=\"button.default\">\n\t\t\t\t<div class=\"elementor-widget-container\">\n\t\t\t\t\t<div class=\"elementor-button-wrapper\">\n\t\t\t<a class=\"elementor-button elementor-button-link elementor-size-sm\" href=\"https:\/\/ar-ta.ro\/?page_id=1224\" target=\"_blank\">\n\t\t\t\t\t\t<span class=\"elementor-button-content-wrapper\">\n\t\t\t\t\t\t\t\t\t<span class=\"elementor-button-text\">Documente adeziune<\/span>\n\t\t\t\t\t<\/span>\n\t\t\t\t\t<\/a>\n\t\t<\/div>\n\t\t\t\t<\/div>\n\t\t\t\t<\/div>\n\t\t\t\t<div class=\"elementor-element elementor-element-150da5f elementor-widget elementor-widget-button\" data-id=\"150da5f\" data-element_type=\"widget\" data-widget_type=\"button.default\">\n\t\t\t\t<div class=\"elementor-widget-container\">\n\t\t\t\t\t<div class=\"elementor-button-wrapper\">\n\t\t\t<a class=\"elementor-button elementor-button-link elementor-size-sm\" href=\"https:\/\/ar-ta.ro\/?page_id=1758\">\n\t\t\t\t\t\t<span class=\"elementor-button-content-wrapper\">\n\t\t\t\t\t\t\t\t\t<span class=\"elementor-button-text\">Programul de completare<\/span>\n\t\t\t\t\t<\/span>\n\t\t\t\t\t<\/a>\n\t\t<\/div>\n\t\t\t\t<\/div>\n\t\t\t\t<\/div>\n\t\t\t\t\t<\/div>\n\t\t\t\t<\/div>\n\t\t<div class=\"elementor-element elementor-element-e2daff8 e-flex e-con-boxed e-con e-parent\" data-id=\"e2daff8\" data-element_type=\"container\">\n\t\t\t\t\t<div class=\"e-con-inner\">\n\t\t\t\t<div class=\"elementor-element elementor-element-5946f67 elementor-widget elementor-widget-text-editor\" data-id=\"5946f67\" data-element_type=\"widget\" data-widget_type=\"text-editor.default\">\n\t\t\t\t<div class=\"elementor-widget-container\">\n\t\t\t\t\t\t\t<p><img fetchpriority=\"high\" decoding=\"async\" class=\"alignnone wp-image-1410 size-full\" src=\"http:\/\/ar-ta.ro\/wp-content\/uploads\/2025\/03\/Leonardo_Phoenix_abstract_oil_painting_painting_in_the_express_01b-2.jpg\" alt=\"\" width=\"1472\" height=\"450\" srcset=\"https:\/\/ar-ta.ro\/wp-content\/uploads\/2025\/03\/Leonardo_Phoenix_abstract_oil_painting_painting_in_the_express_01b-2.jpg 1472w, https:\/\/ar-ta.ro\/wp-content\/uploads\/2025\/03\/Leonardo_Phoenix_abstract_oil_painting_painting_in_the_express_01b-2-300x92.jpg 300w, https:\/\/ar-ta.ro\/wp-content\/uploads\/2025\/03\/Leonardo_Phoenix_abstract_oil_painting_painting_in_the_express_01b-2-1024x313.jpg 1024w, https:\/\/ar-ta.ro\/wp-content\/uploads\/2025\/03\/Leonardo_Phoenix_abstract_oil_painting_painting_in_the_express_01b-2-768x235.jpg 768w\" sizes=\"(max-width: 1472px) 100vw, 1472px\" \/><\/p>\t\t\t\t\t\t<\/div>\n\t\t\t\t<\/div>\n\t\t\t\t\t<\/div>\n\t\t\t\t<\/div>\n\t\t<div class=\"elementor-element elementor-element-39b9b31 e-flex e-con-boxed e-con e-parent\" data-id=\"39b9b31\" data-element_type=\"container\">\n\t\t\t\t\t<div class=\"e-con-inner\">\n\t\t\t\t<div class=\"elementor-element elementor-element-4683d41 elementor-widget elementor-widget-text-editor\" data-id=\"4683d41\" data-element_type=\"widget\" data-widget_type=\"text-editor.default\">\n\t\t\t\t<div class=\"elementor-widget-container\">\n\t\t\t\t\t\t\t<p align=\"LEFT\">\u00a0<span style=\"font-family: Cambria, serif;\"><span style=\"font-size: large;\"><b>Networking profesional:<\/b> Oportunit\u0103\u021bi de a \u00eent\u00e2lni \u0219i colabora cu al\u021bi profesioni\u0219ti din domeniu.<\/span><\/span><\/p><p align=\"LEFT\"><span style=\"font-family: Cambria, serif;\"><span style=\"font-size: large;\"><b>Evenimente de specialitate<\/b>: Participarea la conferin\u021be, workshop-uri \u0219i seminarii organizate de asocia\u021bie.<\/span><\/span><\/p><p align=\"LEFT\"><span style=\"font-family: Cambria, serif;\"><span style=\"font-size: large;\"><b>Formare continu\u0103<\/b>: Oportunit\u0103\u021bi de dezvoltare profesional\u0103 prin cursuri \u0219i traininguri avansate.<\/span><\/span><\/p><p align=\"LEFT\"><span style=\"font-family: Cambria, serif;\"><span style=\"font-size: large;\"><b>Supervizare \u0219i mentorat<\/b>: Acces la supervizare \u0219i mentorare de la exper\u021bi \u00een terapie prin art\u0103.<\/span><\/span><\/p><p align=\"LEFT\"><span style=\"font-family: Cambria, serif;\"><span style=\"font-size: large;\"><b>Recunoa\u0219tere profesional\u0103<\/b>: Apartenen\u021ba la o organiza\u021bie profesionala ce promoveaz\u0103 standarde \u00eenalte.<\/span><\/span><\/p><p align=\"LEFT\"><span style=\"font-family: Cambria, serif;\"><span style=\"font-size: large;\"><b>Programe de certificare<\/b>: Posibilitatea de a ob\u021bine certific\u0103ri recunoscute.<\/span><\/span><\/p><p align=\"LEFT\"><span style=\"font-family: Cambria, serif;\"><span style=\"font-size: large;\"><b>Proiecte colaborative<\/b>: Implicarea \u00een proiecte \u0219i studii colaborative.<\/span><\/span><\/p><p align=\"LEFT\"><span style=\"font-family: Cambria, serif;\"><span style=\"font-size: large;\"><b>Sus\u021binere comunit\u0103\u021bii<\/b>: Apartenen\u021ba la o comunitate care ofer\u0103 sprijin emo\u021bional \u0219i profesional.<\/span><\/span><\/p><p align=\"LEFT\"><span style=\"font-family: Cambria, serif;\"><span style=\"font-size: large;\"><b>Vizibilitate public\u0103<\/b>: Cre\u0219terea vizibilit\u0103\u021bii prin platformele de comunicare ale asocia\u021biei.<\/span><\/span><\/p><p align=\"LEFT\"><span style=\"font-family: Cambria, serif;\"><span style=\"font-size: large;\"><b>Activit\u0103\u021bi sociale<\/b>: Participarea la activit\u0103\u021bi sociale \u0219i evenimente comunitare.<\/span><\/span><\/p><p align=\"LEFT\"><span style=\"font-family: Cambria, serif;\"><span style=\"font-size: large;\"><b>Tarife dedicate la evenimente<\/b>: Reduceri ale taxelor de participare la evenimentele organizate de asocia\u021bie.<\/span><\/span><\/p><p align=\"LEFT\"><span style=\"font-family: Cambria, serif;\"><span style=\"font-size: large;\"><b>Asisten\u021b\u0103 profesional\u0103<\/b>: Consiliere \u0219i ghidare \u00een dezvoltarea carierei.<\/span><\/span><\/p><p align=\"LEFT\"><span style=\"font-family: Cambria, serif;\"><span style=\"font-size: large;\"><b>Platform\u0103 de dialog<\/b>: Un forum pentru schimbul de idei \u0219i bune practici.<\/span><\/span><\/p><p align=\"LEFT\"><span style=\"font-family: Cambria, serif;\"><span style=\"font-size: large;\"><b>Acces la practic\u0103<\/b>: Participarea la programe de practic\u0103 \u0219i internship-uri.<\/span><\/span><\/p><p align=\"LEFT\"><span style=\"font-family: Cambria, serif;\"><span style=\"font-size: large;\"><b>Dezvoltare personal\u0103<\/b>: Oportunit\u0103\u021bi de cre\u0219tere personal\u0103 \u0219i dezvoltare a abilit\u0103\u021bilor.<\/span><\/span><\/p><p align=\"LEFT\"><span style=\"font-family: Cambria, serif;\"><span style=\"font-size: large;\"><b>Programe de voluntariat<\/b>: Posibilitatea de a se implica \u00een activit\u0103\u021bi de voluntariat.<\/span><\/span><\/p><p align=\"LEFT\"><span style=\"font-family: Cambria, serif;\"><span style=\"font-size: large;\"><b>Inova\u021bie \u00een practic\u0103<\/b>: Acces la informatii despre cele mai noi inova\u021bii \u0219i practici \u00een terapie prin art\u0103.<\/span><\/span><\/p><p align=\"LEFT\"><span style=\"font-family: Cambria, serif;\"><span style=\"font-size: large;\"><b>Sprijin \u00een implementare<\/b>: Asisten\u021b\u0103 \u00een implementarea programelor de terapie prin art\u0103.<\/span><\/span><\/p><p align=\"LEFT\"><span style=\"font-family: Cambria, serif;\"><span style=\"font-size: large;\"><b>Sensibilitate cultural\u0103<\/b>: Sprijin \u00een adaptarea practicilor la diverse contexte culturale.<\/span><\/span><\/p><p align=\"LEFT\"><span style=\"font-family: Cambria, serif;\"><span style=\"font-size: large;\"><b>Apartenen\u021ba la o organiza\u021bie de elit\u0103<\/b>: M\u00e2ndria de a face parte dintr-o organiza\u021bie de elit\u0103 care pune bazele si contribuie la progresul terapiei prin art\u0103 in Romania.<\/span><\/span><\/p>\t\t\t\t\t\t<\/div>\n\t\t\t\t<\/div>\n\t\t\t\t\t<\/div>\n\t\t\t\t<\/div>\n\t\t\t\t<\/div>\n\t\t","protected":false},"excerpt":{"rendered":"<p>Membri \u00een asocia\u021bie Dragi prieteni, Suntem \u00eenc\u00e2nta\u021bi s\u0103 v\u0103 invit\u0103m s\u0103 deveni\u021bi membri ai Asocia\u021biei Rom\u00e2ne de Terapie prin art\u0103. Al\u0103tura\u021bi-v\u0103 unei asocia\u021bii profesionale \u0219i unei comunita\u021bi pasionat\u0103 de promovarea \u0219i aplicarea Terapiei prin art\u0103, ca form\u0103 de psihoterapie expresiv\u0103. Membru activ profesional Membru activ profesional este membrul a carui formare indeplineste criteriile profesionale stabilite [&hellip;]<\/p>\n","protected":false},"author":1,"featured_media":0,"parent":0,"menu_order":0,"comment_status":"closed","ping_status":"closed","template":"elementor_header_footer","meta":{"footnotes":""},"class_list":["post-237","page","type-page","status-publish","hentry"],"_links":{"self":[{"href":"https:\/\/ar-ta.ro\/index.php?rest_route=\/wp\/v2\/pages\/237","targetHints":{"allow":["GET"]}}],"collection":[{"href":"https:\/\/ar-ta.ro\/index.php?rest_route=\/wp\/v2\/pages"}],"about":[{"href":"https:\/\/ar-ta.ro\/index.php?rest_route=\/wp\/v2\/types\/page"}],"author":[{"embeddable":true,"href":"https:\/\/ar-ta.ro\/index.php?rest_route=\/wp\/v2\/users\/1"}],"replies":[{"embeddable":true,"href":"https:\/\/ar-ta.ro\/index.php?rest_route=%2Fwp%2Fv2%2Fcomments&post=237"}],"version-history":[{"count":323,"href":"https:\/\/ar-ta.ro\/index.php?rest_route=\/wp\/v2\/pages\/237\/revisions"}],"predecessor-version":[{"id":1771,"href":"https:\/\/ar-ta.ro\/index.php?rest_route=\/wp\/v2\/pages\/237\/revisions\/1771"}],"wp:attachment":[{"href":"https:\/\/ar-ta.ro\/index.php?rest_route=%2Fwp%2Fv2%2Fmedia&parent=237"}],"curies":[{"name":"wp","href":"https:\/\/api.w.org\/{rel}","templated":true}]}}