{"id":1758,"date":"2025-03-30T18:04:06","date_gmt":"2025-03-30T18:04:06","guid":{"rendered":"https:\/\/ar-ta.ro\/?page_id=1758"},"modified":"2025-04-02T09:43:50","modified_gmt":"2025-04-02T09:43:50","slug":"elementor-1758","status":"publish","type":"page","link":"https:\/\/ar-ta.ro\/?page_id=1758","title":{"rendered":""},"content":{"rendered":"\t\t<div data-elementor-type=\"wp-page\" data-elementor-id=\"1758\" class=\"elementor elementor-1758\">\n\t\t\t\t<div class=\"elementor-element elementor-element-462595a e-flex e-con-boxed e-con e-parent\" data-id=\"462595a\" data-element_type=\"container\">\n\t\t\t\t\t<div class=\"e-con-inner\">\n\t\t\t\t<div class=\"elementor-element elementor-element-e248898 elementor-widget elementor-widget-text-editor\" data-id=\"e248898\" data-element_type=\"widget\" data-widget_type=\"text-editor.default\">\n\t\t\t\t<div class=\"elementor-widget-container\">\n\t\t\t<style>\/*! elementor - v3.23.0 - 05-08-2024 *\/\n.elementor-widget-text-editor.elementor-drop-cap-view-stacked .elementor-drop-cap{background-color:#69727d;color:#fff}.elementor-widget-text-editor.elementor-drop-cap-view-framed .elementor-drop-cap{color:#69727d;border:3px solid;background-color:transparent}.elementor-widget-text-editor:not(.elementor-drop-cap-view-default) .elementor-drop-cap{margin-top:8px}.elementor-widget-text-editor:not(.elementor-drop-cap-view-default) .elementor-drop-cap-letter{width:1em;height:1em}.elementor-widget-text-editor .elementor-drop-cap{float:left;text-align:center;line-height:1;font-size:50px}.elementor-widget-text-editor .elementor-drop-cap-letter{display:inline-block}<\/style>\t\t\t\t<div><p id=\"m_-1235092765728367553gmail-docs-internal-guid-346caaa9-7fff-1de7-22c5-00fa39293949\" dir=\"ltr\"><strong>Anul 1<\/strong><\/p><ol><li><p role=\"presentation\">Fundamentele teoretice si istoria Terapiei prin arta<\/p><\/li><li><p role=\"presentation\">Materiale si media de arta<\/p><\/li><li><p role=\"presentation\">Etapele dezvoltarii desenului<\/p><\/li><li><p role=\"presentation\">Procesul\u00a0 terapeutic in Terapia de grup prin arta<\/p><\/li><li><p role=\"presentation\">Procesul terapeutic\u00a0 in Terapia prin arta individuala<\/p><\/li><li><p role=\"presentation\">Aspecte ale Terapie prin arta, procese in arta<\/p><\/li><li><p role=\"presentation\">Curente si abordari in Terapia prin arta<\/p><\/li><li><p role=\"presentation\">Diferentele socio- culturale in Terapia prin arta<\/p><\/li><li><p role=\"presentation\">Terapia prin arta senso-motorie<\/p><\/li><li>Neurostiintele si Terapia prin arta<\/li><li><p role=\"presentation\">Supervizare de grup\u00a0 2&#215;3 h\/ saptamana<\/p><\/li><li>Practica: terapie individuala cu 1-2 clienti<\/li><\/ol><\/div><div><p dir=\"ltr\"><strong>Vara<\/strong><\/p><ul><li dir=\"ltr\">Stagiu de practica<\/li><li dir=\"ltr\">3 h supervizare\/ saptamana<\/li><li dir=\"ltr\">1h supervizare personala\/ saptamana<\/li><\/ul><p dir=\"ltr\"><strong>Anul 2<\/strong><\/p><ol><li dir=\"ltr\"><p dir=\"ltr\" role=\"presentation\">Conflict si rezolutie<\/p><\/li><li dir=\"ltr\"><p dir=\"ltr\" role=\"presentation\">Terapia prin arta in terapia traumei<\/p><\/li><li dir=\"ltr\"><p dir=\"ltr\" role=\"presentation\">Terapia prin arta si\u00a0 neurodivergentele<\/p><\/li><li dir=\"ltr\"><p dir=\"ltr\" role=\"presentation\">Terapia prin arta cu pacienti cu afectiuni psihiatrice<\/p><\/li><li dir=\"ltr\"><p dir=\"ltr\" role=\"presentation\">Cercetare calitativa &#8211; curs practic<\/p><\/li><li dir=\"ltr\"><p dir=\"ltr\" role=\"presentation\">Cercetare cantitativa -curs practic<\/p><\/li><li dir=\"ltr\"><p dir=\"ltr\" role=\"presentation\">Terapia prin arta diadica<\/p><\/li><li dir=\"ltr\"><p dir=\"ltr\" role=\"presentation\">Terapia prin arta de cuplu<\/p><\/li><li dir=\"ltr\"><p dir=\"ltr\" role=\"presentation\">Terapie prin arta in situatii de urgente<\/p><\/li><li dir=\"ltr\"><p dir=\"ltr\" role=\"presentation\">Terapia prin arta sociala si comunitara<\/p><\/li><li dir=\"ltr\"><p dir=\"ltr\" role=\"presentation\">Supervizare de\u00a0 grup 3h pe saptamana<\/p><\/li><li dir=\"ltr\"><p dir=\"ltr\" role=\"presentation\">Supervizare individuala 1h \/ saptamana<\/p><\/li><li dir=\"ltr\"><p dir=\"ltr\" role=\"presentation\">Practica: terapie individuala cu 2-3 clienti si terapie de grup cu un grup<\/p><\/li><\/ol><p><strong>Cursuri optionale<\/strong><\/p><ol><li dir=\"ltr\"><p dir=\"ltr\" role=\"presentation\">Terapia prin arta cu persoanele cu dizabilitati<\/p><\/li><li dir=\"ltr\"><p dir=\"ltr\" role=\"presentation\">Tipuri de terapie specifice Terapiei prin arta<\/p><\/li><li dir=\"ltr\"><p dir=\"ltr\" role=\"presentation\">Terapia prin arta in dependenta de substante<\/p><\/li><li dir=\"ltr\"><p dir=\"ltr\" role=\"presentation\">Terapia prin arta in tulburarile de alimentatie<\/p><\/li><li dir=\"ltr\"><p dir=\"ltr\" role=\"presentation\">Terapia prin arta in identitatea de gen<\/p><\/li><li dir=\"ltr\"><p dir=\"ltr\" role=\"presentation\">Modele de terapie de scurta durata<\/p><\/li><li dir=\"ltr\">Eco-Art Terapia<\/li><\/ol><p><strong><em>*in fiecare an vor fi propuse 4 cursuri\u00a0 optionale, din care fiecare student va trebui sa aleaga 2.<\/em><\/strong><\/p><p>\u00a0<\/p><p>Dat fiind ca studentii nostri sunt absolventi ai Facultatii de Psihologie\/ Asistenta Sociala sau ai Facultatii de Arta,\u00a0 pentru a avea o baza comuna, dar si cunostintele de baza necesare formarii in Terapia prin arta, acestia vor trebui sa completeze cursurile ce le lipsesc.<\/p><\/div><p><span style=\"font-family: Cambria, serif;\"><span style=\"font-size: large;\"><b>Completare cursuri de psihologie<\/b><\/span><\/span><\/p><ul><li><strong><span style=\"font-family: Cambria, serif;\"><span style=\"font-size: large;\">Psihologie general\u0103\/ Introducere in psihologie<\/span><\/span><\/strong><span style=\"font-family: Cambria, serif;\"><span style=\"font-size: large;\"> &#8211; Pentru a \u00een\u021belege bazele comportamentului uman \u0219i procesele cognitive.<\/span><\/span><\/li><li><p><strong><span style=\"font-family: Cambria, serif;\"><span style=\"font-size: large;\">Psihologia dezvolt\u0103rii<\/span><\/span><\/strong><span style=\"font-family: Cambria, serif;\"><span style=\"font-size: large;\"> &#8211; Studiul etapelor de dezvoltare ale individului, esen\u021bial pentru lucrul cu diverse categorii de v\u00e2rst\u0103.<\/span><\/span><\/p><\/li><\/ul><ul><li><p><strong><span style=\"font-family: Cambria, serif;\"><span style=\"font-size: large;\">Psihopatologie<\/span><\/span><\/strong><span style=\"font-family: Cambria, serif;\"><span style=\"font-size: large;\"> &#8211; Pentru a \u00een\u021belege tulbur\u0103rile mintale \u0219i emo\u021bionale.<\/span><\/span><\/p><\/li><li><p><strong><span style=\"color: #111111;\"><span style=\"font-family: Cambria, serif;\"><span style=\"font-size: large;\">Teorii \u0219i tehnici de consiliere<\/span><\/span><\/span><\/strong><span style=\"color: #111111;\"><span style=\"font-family: Cambria, serif;\"><span style=\"font-size: large;\">:<\/span><\/span><\/span><span style=\"font-family: Cambria, serif;\"><span style=\"font-size: large;\"> Familiarizarea cu diferite abord\u0103ri terapeutice, cum ar fi terapia cognitiv-comportamental\u0103 sau psihoterapia psihodinamic\u0103.<\/span><\/span><\/p><\/li><\/ul><ul><li><p><strong><span style=\"font-family: Cambria, serif;\"><span style=\"font-size: large;\">Introducere \u00een psihoterapie<\/span><\/span><\/strong><span style=\"font-family: Cambria, serif;\"><span style=\"font-size: large;\"> &#8211; Familiarizarea cu diverse abord\u0103ri psihoterapeutice<\/span><\/span><\/p><\/li><li><p><span style=\"font-family: Cambria, serif;\"><span style=\"font-size: large;\"><span style=\"color: #111111;\"><b>Tehnici de diagnosticare prin arta<\/b><\/span> : Familiarizarea cu testele proiective folosite in psihologie<\/span><\/span><\/p><\/li><li><p><strong><span style=\"color: #111111;\"><span style=\"font-family: Cambria, serif;\"><span style=\"font-size: large;\">Procese parent-copil<\/span><\/span><\/span><\/strong><span style=\"color: #111111;\"><span style=\"font-family: Cambria, serif;\"><span style=\"font-size: large;\">:<\/span><\/span><\/span><span style=\"font-family: Cambria, serif;\"><span style=\"font-size: large;\"> Explorarea dinamicii rela\u021biilor familiale<\/span><\/span><\/p><\/li><\/ul><p><span style=\"font-family: Cambria, serif;\"><span style=\"font-size: large;\"><b>Completare cursuri de arta<\/b><\/span><\/span><\/p><p><span style=\"font-family: Cambria, serif;\"><span style=\"font-size: large;\">Orice curs de arta, preferabil diferite,\u00a0 ce foloseste materiale conventionale sau neconventionale, de la desen in carbune, creion, pastel, pictura in acuarela, acrilic, ulei, la arta digitala, folosirea lutului pentru modelaj sau ceramica, graffitti etc ce ofera certificate sau diplome doveditoare a numarului orelor de curs. <\/span><\/span><\/p><p><strong><em>* Conform deciziei Consiliului Director al Asociatiei, practica artistica individuala, poate fi evidentiata si prin prezentarea portofoliului, nu doar prin diplomele\/adeverinte de participare la cursuri.<\/em><\/strong><\/p>\t\t\t\t\t\t<\/div>\n\t\t\t\t<\/div>\n\t\t\t\t\t<\/div>\n\t\t\t\t<\/div>\n\t\t\t\t<\/div>\n\t\t","protected":false},"excerpt":{"rendered":"<p>Anul 1 Fundamentele teoretice si istoria Terapiei prin arta Materiale si media de arta Etapele dezvoltarii desenului Procesul\u00a0 terapeutic in Terapia de grup prin arta Procesul terapeutic\u00a0 in Terapia prin arta individuala Aspecte ale Terapie prin arta, procese in arta Curente si abordari in Terapia prin arta Diferentele socio- culturale in Terapia prin arta Terapia [&hellip;]<\/p>\n","protected":false},"author":1,"featured_media":0,"parent":0,"menu_order":0,"comment_status":"closed","ping_status":"closed","template":"","meta":{"footnotes":""},"class_list":["post-1758","page","type-page","status-publish","hentry"],"_links":{"self":[{"href":"https:\/\/ar-ta.ro\/index.php?rest_route=\/wp\/v2\/pages\/1758","targetHints":{"allow":["GET"]}}],"collection":[{"href":"https:\/\/ar-ta.ro\/index.php?rest_route=\/wp\/v2\/pages"}],"about":[{"href":"https:\/\/ar-ta.ro\/index.php?rest_route=\/wp\/v2\/types\/page"}],"author":[{"embeddable":true,"href":"https:\/\/ar-ta.ro\/index.php?rest_route=\/wp\/v2\/users\/1"}],"replies":[{"embeddable":true,"href":"https:\/\/ar-ta.ro\/index.php?rest_route=%2Fwp%2Fv2%2Fcomments&post=1758"}],"version-history":[{"count":14,"href":"https:\/\/ar-ta.ro\/index.php?rest_route=\/wp\/v2\/pages\/1758\/revisions"}],"predecessor-version":[{"id":1783,"href":"https:\/\/ar-ta.ro\/index.php?rest_route=\/wp\/v2\/pages\/1758\/revisions\/1783"}],"wp:attachment":[{"href":"https:\/\/ar-ta.ro\/index.php?rest_route=%2Fwp%2Fv2%2Fmedia&parent=1758"}],"curies":[{"name":"wp","href":"https:\/\/api.w.org\/{rel}","templated":true}]}}