{"id":1224,"date":"2025-03-01T18:43:11","date_gmt":"2025-03-01T18:43:11","guid":{"rendered":"https:\/\/ar-ta.ro\/?page_id=1224"},"modified":"2025-03-12T15:03:24","modified_gmt":"2025-03-12T15:03:24","slug":"1224-2","status":"publish","type":"page","link":"https:\/\/ar-ta.ro\/?page_id=1224","title":{"rendered":""},"content":{"rendered":"\t\t<div data-elementor-type=\"wp-page\" data-elementor-id=\"1224\" class=\"elementor elementor-1224\">\n\t\t\t\t<div class=\"elementor-element elementor-element-3dd9c86f e-flex e-con-boxed e-con e-parent\" data-id=\"3dd9c86f\" data-element_type=\"container\">\n\t\t\t\t\t<div class=\"e-con-inner\">\n\t\t\t\t<div class=\"elementor-element elementor-element-75f20396 elementor-widget elementor-widget-text-editor\" data-id=\"75f20396\" data-element_type=\"widget\" data-widget_type=\"text-editor.default\">\n\t\t\t\t<div class=\"elementor-widget-container\">\n\t\t\t<style>\/*! elementor - v3.23.0 - 05-08-2024 *\/\n.elementor-widget-text-editor.elementor-drop-cap-view-stacked .elementor-drop-cap{background-color:#69727d;color:#fff}.elementor-widget-text-editor.elementor-drop-cap-view-framed .elementor-drop-cap{color:#69727d;border:3px solid;background-color:transparent}.elementor-widget-text-editor:not(.elementor-drop-cap-view-default) .elementor-drop-cap{margin-top:8px}.elementor-widget-text-editor:not(.elementor-drop-cap-view-default) .elementor-drop-cap-letter{width:1em;height:1em}.elementor-widget-text-editor .elementor-drop-cap{float:left;text-align:center;line-height:1;font-size:50px}.elementor-widget-text-editor .elementor-drop-cap-letter{display:inline-block}<\/style>\t\t\t\t<p>\u00a0<\/p>\n<p><strong>\u00a0 Documente necesare adeziunii ca membru activ profesional:<\/strong><\/p>\n<p><!-- \/wp:paragraph --><!-- wp:list {\"ordered\":true} --><\/p>\n<ul class=\"wp-block-list\">\n<li style=\"list-style-type: none;\">\n<ul class=\"wp-block-list\"><!-- wp:list-item --><\/ul>\n<\/li>\n<\/ul>\n<ul>\n<li>Copie Diplom\u0103 de Licen\u021b\u0103<!-- \/wp:list-item --><!-- wp:list-item --><\/li>\n<li>Copie Diplom\u0103 de Master \/ Studii aprofundate \u00een Terapia prin art\u0103<!-- \/wp:list-item --><!-- wp:list-item --><\/li>\n<li>Copie Diplom\u0103 de Master\/ Studii aprofundate \u00een alte domenii &#8211; op\u021bional<!-- \/wp:list-item --><!-- wp:list-item --><\/li>\n<li>Copie CI<!-- \/wp:list-item --><!-- wp:list-item --><\/li>\n<li>Curriculum Vitae<!-- \/wp:list-item --><!-- wp:list-item --><\/li>\n<li>Portofoliu (poze a 10 lucr\u0103ri personale)<!-- \/wp:list-item --><!-- wp:list-item --><\/li>\n<li>Copie adeverin\u021b\u0103 ore de supervizare \u00een Terapia prin art\u0103<!-- \/wp:list-item --><!-- wp:list-item --><\/li>\n<li>Copie adeverin\u021b\u0103 ore de practic\u0103 \u00een Terapia prin art\u0103<\/li>\n<li>Copie email de acceptare ca Full Member EFAT<\/li>\n<li>2 recomand\u0103ri de la profesori, supervizori, formatori, pentru cei cu mai pu\u021bin de 3 ani de experien\u021b\u0103 profesional\u0103<\/li>\n<li><em>\u00a0pentru membrii EFAT portofoliul este optional<\/em><\/li>\n<\/ul>\n<p><!-- \/wp:list-item --><!-- wp:list-item --><\/p>\n<p><!-- \/wp:list-item --><\/p>\n<p><!-- \/wp:list --><!-- wp:paragraph --><\/p>\n<p>\u00a0<\/p>\n<p><strong>\u00a0 Documente adeziunii ca membru \u00een formare:<\/strong><!-- \/wp:paragraph --><!-- wp:list {\"ordered\":true} --><\/p>\n<ul class=\"wp-block-list\">\n<li style=\"list-style-type: none;\">\n<ul class=\"wp-block-list\"><!-- wp:list-item --><\/ul>\n<\/li>\n<\/ul>\n<ul>\n<li>Copie Diplom\u0103 de Licen\u021b\u0103<!-- \/wp:list-item --><!-- wp:list-item --><\/li>\n<li>Copie diplom\u0103 curs de formare \u00een Terapia prin art\u0103<!-- \/wp:list-item --><!-- wp:list-item --><!-- \/wp:list-item --><!-- wp:list-item --><\/li>\n<li>Copie Diplom\u0103 de Master\/ Studii aprofundate \u00een alte domenii &#8211; op\u021bional<!-- \/wp:list-item --><!-- wp:list-item --><\/li>\n<li>Copie CI<!-- \/wp:list-item --><!-- wp:list-item --><\/li>\n<li>Curriculum Vitae<!-- \/wp:list-item --><!-- wp:list-item --><\/li>\n<li>Portofoliu (poze a 10 lucr\u0103ri personale)<!-- \/wp:list-item --><!-- wp:list-item --><\/li>\n<li>Copie adeverin\u021b\u0103 ore supervizare \u00een Terapia prin art\u0103 &#8211; op\u021bional<!-- \/wp:list-item --><!-- wp:list-item --><\/li>\n<li>Copie adeverin\u021b\u0103 ore de practic\u0103 &#8211; op\u021bional<!-- \/wp:list-item --><!-- wp:list-item --><\/li>\n<li>2 recomand\u0103ri de la formatori, profesori de art\u0103, arti\u0219ti plastici, instructori curs de art\u0103 etc.<!-- \/wp:list --><!-- \/wp:list-item --><\/li>\n<\/ul>\n<p>\u00a0<\/p>\t\t\t\t\t\t<\/div>\n\t\t\t\t<\/div>\n\t\t\t\t\t<\/div>\n\t\t\t\t<\/div>\n\t\t\t\t<\/div>\n\t\t","protected":false},"excerpt":{"rendered":"<p>\u00a0 \u00a0 Documente necesare adeziunii ca membru activ profesional: Copie Diplom\u0103 de Licen\u021b\u0103 Copie Diplom\u0103 de Master \/ Studii aprofundate \u00een Terapia prin art\u0103 Copie Diplom\u0103 de Master\/ Studii aprofundate \u00een alte domenii &#8211; op\u021bional Copie CI Curriculum Vitae Portofoliu (poze a 10 lucr\u0103ri personale) Copie adeverin\u021b\u0103 ore de supervizare \u00een Terapia prin art\u0103 Copie [&hellip;]<\/p>\n","protected":false},"author":1,"featured_media":0,"parent":0,"menu_order":0,"comment_status":"closed","ping_status":"closed","template":"","meta":{"footnotes":""},"class_list":["post-1224","page","type-page","status-publish","hentry"],"_links":{"self":[{"href":"https:\/\/ar-ta.ro\/index.php?rest_route=\/wp\/v2\/pages\/1224","targetHints":{"allow":["GET"]}}],"collection":[{"href":"https:\/\/ar-ta.ro\/index.php?rest_route=\/wp\/v2\/pages"}],"about":[{"href":"https:\/\/ar-ta.ro\/index.php?rest_route=\/wp\/v2\/types\/page"}],"author":[{"embeddable":true,"href":"https:\/\/ar-ta.ro\/index.php?rest_route=\/wp\/v2\/users\/1"}],"replies":[{"embeddable":true,"href":"https:\/\/ar-ta.ro\/index.php?rest_route=%2Fwp%2Fv2%2Fcomments&post=1224"}],"version-history":[{"count":15,"href":"https:\/\/ar-ta.ro\/index.php?rest_route=\/wp\/v2\/pages\/1224\/revisions"}],"predecessor-version":[{"id":1736,"href":"https:\/\/ar-ta.ro\/index.php?rest_route=\/wp\/v2\/pages\/1224\/revisions\/1736"}],"wp:attachment":[{"href":"https:\/\/ar-ta.ro\/index.php?rest_route=%2Fwp%2Fv2%2Fmedia&parent=1224"}],"curies":[{"name":"wp","href":"https:\/\/api.w.org\/{rel}","templated":true}]}}